{"id":1195,"date":"2022-01-15T12:23:35","date_gmt":"2022-01-15T12:23:35","guid":{"rendered":"https:\/\/heliosstrategia.pl\/o-nas\/"},"modified":"2022-06-09T18:51:15","modified_gmt":"2022-06-09T18:51:15","slug":"about-us","status":"publish","type":"page","link":"https:\/\/heliosstrategia.pl\/en\/about-us\/","title":{"rendered":"About us"},"content":{"rendered":"","protected":false},"excerpt":{"rendered":"","protected":false},"author":1,"featured_media":0,"parent":0,"menu_order":0,"comment_status":"closed","ping_status":"closed","template":"about.php","meta":[],"acf":[],"yoast_head":"<!-- This site is optimized with the Yoast SEO plugin v19.10 - https:\/\/yoast.com\/wordpress\/plugins\/seo\/ -->\n<title>Nasza misja - rozw\u00f3j energii s\u0142onecznej w Polsce | Helios Strategia<\/title>\n<meta name=\"description\" content=\"Wykonujemy instalacje fotowoltaiczne w ekstremalnie trudnych miejscach \u2013 mi\u0119dzy innymi na wiecznej zmarzlinie oraz sk\u0142adowiskach odpad\u00f3w.\" \/>\n<meta name=\"robots\" content=\"index, follow, max-snippet:-1, max-image-preview:large, max-video-preview:-1\" \/>\n<link rel=\"canonical\" href=\"https:\/\/heliosstrategia.pl\/en\/about-us\/\" \/>\n<meta property=\"og:locale\" content=\"en_US\" \/>\n<meta property=\"og:type\" content=\"article\" \/>\n<meta property=\"og:title\" content=\"Nasza misja - rozw\u00f3j energii s\u0142onecznej w Polsce | Helios Strategia\" \/>\n<meta property=\"og:description\" content=\"Wykonujemy instalacje fotowoltaiczne w ekstremalnie trudnych miejscach \u2013 mi\u0119dzy innymi na wiecznej zmarzlinie oraz sk\u0142adowiskach odpad\u00f3w.\" \/>\n<meta property=\"og:url\" content=\"https:\/\/heliosstrategia.pl\/en\/about-us\/\" \/>\n<meta property=\"og:site_name\" content=\"Budowa elektrowni fotowoltaicznych - monta\u017c farm\" \/>\n<meta property=\"article:modified_time\" content=\"2022-06-09T18:51:15+00:00\" \/>\n<meta property=\"og:image\" content=\"https:\/\/heliosstrategia.pl\/wp-content\/uploads\/2021\/06\/jak_dziaa_falownik_f.jpg\" \/>\n\t<meta property=\"og:image:width\" content=\"1280\" \/>\n\t<meta property=\"og:image:height\" content=\"960\" \/>\n\t<meta property=\"og:image:type\" content=\"image\/jpeg\" \/>\n<meta name=\"twitter:card\" content=\"summary_large_image\" \/>\n<script type=\"application\/ld+json\" class=\"yoast-schema-graph\">{\"@context\":\"https:\/\/schema.org\",\"@graph\":[{\"@type\":\"WebPage\",\"@id\":\"https:\/\/heliosstrategia.pl\/en\/about-us\/\",\"url\":\"https:\/\/heliosstrategia.pl\/en\/about-us\/\",\"name\":\"Nasza misja - rozw\u00f3j energii s\u0142onecznej w Polsce | Helios Strategia\",\"isPartOf\":{\"@id\":\"https:\/\/heliosstrategia.pl\/en\/#website\"},\"datePublished\":\"2022-01-15T12:23:35+00:00\",\"dateModified\":\"2022-06-09T18:51:15+00:00\",\"description\":\"Wykonujemy instalacje fotowoltaiczne w ekstremalnie trudnych miejscach \u2013 mi\u0119dzy innymi na wiecznej zmarzlinie oraz sk\u0142adowiskach odpad\u00f3w.\",\"breadcrumb\":{\"@id\":\"https:\/\/heliosstrategia.pl\/en\/about-us\/#breadcrumb\"},\"inLanguage\":\"en-US\",\"potentialAction\":[{\"@type\":\"ReadAction\",\"target\":[\"https:\/\/heliosstrategia.pl\/en\/about-us\/\"]}]},{\"@type\":\"BreadcrumbList\",\"@id\":\"https:\/\/heliosstrategia.pl\/en\/about-us\/#breadcrumb\",\"itemListElement\":[{\"@type\":\"ListItem\",\"position\":1,\"name\":\"Strona g\u0142\u00f3wna\",\"item\":\"https:\/\/heliosstrategia.pl\/en\/\"},{\"@type\":\"ListItem\",\"position\":2,\"name\":\"About us\"}]},{\"@type\":\"WebSite\",\"@id\":\"https:\/\/heliosstrategia.pl\/en\/#website\",\"url\":\"https:\/\/heliosstrategia.pl\/en\/\",\"name\":\"Budowa elektrowni fotowoltaicznych - monta\u017c farm\",\"description\":\"projekt instalacji | Helios Strategia\",\"publisher\":{\"@id\":\"https:\/\/heliosstrategia.pl\/en\/#organization\"},\"potentialAction\":[{\"@type\":\"SearchAction\",\"target\":{\"@type\":\"EntryPoint\",\"urlTemplate\":\"https:\/\/heliosstrategia.pl\/en\/?s={search_term_string}\"},\"query-input\":\"required name=search_term_string\"}],\"inLanguage\":\"en-US\"},{\"@type\":\"Organization\",\"@id\":\"https:\/\/heliosstrategia.pl\/en\/#organization\",\"name\":\"Budowa elektrowni fotowoltaicznych - monta\u017c farm\",\"url\":\"https:\/\/heliosstrategia.pl\/en\/\",\"logo\":{\"@type\":\"ImageObject\",\"inLanguage\":\"en-US\",\"@id\":\"https:\/\/heliosstrategia.pl\/en\/#\/schema\/logo\/image\/\",\"url\":\"https:\/\/heliosstrategia.pl\/wp-content\/uploads\/2022\/01\/helios-strategia-1.svg\",\"contentUrl\":\"https:\/\/heliosstrategia.pl\/wp-content\/uploads\/2022\/01\/helios-strategia-1.svg\",\"width\":505,\"height\":357,\"caption\":\"Budowa elektrowni fotowoltaicznych - monta\u017c farm\"},\"image\":{\"@id\":\"https:\/\/heliosstrategia.pl\/en\/#\/schema\/logo\/image\/\"}}]}<\/script>\n<!-- \/ Yoast SEO plugin. -->","yoast_head_json":{"title":"Nasza misja - rozw\u00f3j energii s\u0142onecznej w Polsce | Helios Strategia","description":"Wykonujemy instalacje fotowoltaiczne w ekstremalnie trudnych miejscach \u2013 mi\u0119dzy innymi na wiecznej zmarzlinie oraz sk\u0142adowiskach odpad\u00f3w.","robots":{"index":"index","follow":"follow","max-snippet":"max-snippet:-1","max-image-preview":"max-image-preview:large","max-video-preview":"max-video-preview:-1"},"canonical":"https:\/\/heliosstrategia.pl\/en\/about-us\/","og_locale":"en_US","og_type":"article","og_title":"Nasza misja - rozw\u00f3j energii s\u0142onecznej w Polsce | Helios Strategia","og_description":"Wykonujemy instalacje fotowoltaiczne w ekstremalnie trudnych miejscach \u2013 mi\u0119dzy innymi na wiecznej zmarzlinie oraz sk\u0142adowiskach odpad\u00f3w.","og_url":"https:\/\/heliosstrategia.pl\/en\/about-us\/","og_site_name":"Budowa elektrowni fotowoltaicznych - monta\u017c farm","article_modified_time":"2022-06-09T18:51:15+00:00","og_image":[{"width":1280,"height":960,"url":"https:\/\/heliosstrategia.pl\/wp-content\/uploads\/2021\/06\/jak_dziaa_falownik_f.jpg","type":"image\/jpeg"}],"twitter_card":"summary_large_image","schema":{"@context":"https:\/\/schema.org","@graph":[{"@type":"WebPage","@id":"https:\/\/heliosstrategia.pl\/en\/about-us\/","url":"https:\/\/heliosstrategia.pl\/en\/about-us\/","name":"Nasza misja - rozw\u00f3j energii s\u0142onecznej w Polsce | Helios Strategia","isPartOf":{"@id":"https:\/\/heliosstrategia.pl\/en\/#website"},"datePublished":"2022-01-15T12:23:35+00:00","dateModified":"2022-06-09T18:51:15+00:00","description":"Wykonujemy instalacje fotowoltaiczne w ekstremalnie trudnych miejscach \u2013 mi\u0119dzy innymi na wiecznej zmarzlinie oraz sk\u0142adowiskach odpad\u00f3w.","breadcrumb":{"@id":"https:\/\/heliosstrategia.pl\/en\/about-us\/#breadcrumb"},"inLanguage":"en-US","potentialAction":[{"@type":"ReadAction","target":["https:\/\/heliosstrategia.pl\/en\/about-us\/"]}]},{"@type":"BreadcrumbList","@id":"https:\/\/heliosstrategia.pl\/en\/about-us\/#breadcrumb","itemListElement":[{"@type":"ListItem","position":1,"name":"Strona g\u0142\u00f3wna","item":"https:\/\/heliosstrategia.pl\/en\/"},{"@type":"ListItem","position":2,"name":"About us"}]},{"@type":"WebSite","@id":"https:\/\/heliosstrategia.pl\/en\/#website","url":"https:\/\/heliosstrategia.pl\/en\/","name":"Budowa elektrowni fotowoltaicznych - monta\u017c farm","description":"projekt instalacji | Helios Strategia","publisher":{"@id":"https:\/\/heliosstrategia.pl\/en\/#organization"},"potentialAction":[{"@type":"SearchAction","target":{"@type":"EntryPoint","urlTemplate":"https:\/\/heliosstrategia.pl\/en\/?s={search_term_string}"},"query-input":"required name=search_term_string"}],"inLanguage":"en-US"},{"@type":"Organization","@id":"https:\/\/heliosstrategia.pl\/en\/#organization","name":"Budowa elektrowni fotowoltaicznych - monta\u017c farm","url":"https:\/\/heliosstrategia.pl\/en\/","logo":{"@type":"ImageObject","inLanguage":"en-US","@id":"https:\/\/heliosstrategia.pl\/en\/#\/schema\/logo\/image\/","url":"https:\/\/heliosstrategia.pl\/wp-content\/uploads\/2022\/01\/helios-strategia-1.svg","contentUrl":"https:\/\/heliosstrategia.pl\/wp-content\/uploads\/2022\/01\/helios-strategia-1.svg","width":505,"height":357,"caption":"Budowa elektrowni fotowoltaicznych - monta\u017c farm"},"image":{"@id":"https:\/\/heliosstrategia.pl\/en\/#\/schema\/logo\/image\/"}}]}},"_links":{"self":[{"href":"https:\/\/heliosstrategia.pl\/en\/wp-json\/wp\/v2\/pages\/1195"}],"collection":[{"href":"https:\/\/heliosstrategia.pl\/en\/wp-json\/wp\/v2\/pages"}],"about":[{"href":"https:\/\/heliosstrategia.pl\/en\/wp-json\/wp\/v2\/types\/page"}],"author":[{"embeddable":true,"href":"https:\/\/heliosstrategia.pl\/en\/wp-json\/wp\/v2\/users\/1"}],"replies":[{"embeddable":true,"href":"https:\/\/heliosstrategia.pl\/en\/wp-json\/wp\/v2\/comments?post=1195"}],"version-history":[{"count":8,"href":"https:\/\/heliosstrategia.pl\/en\/wp-json\/wp\/v2\/pages\/1195\/revisions"}],"predecessor-version":[{"id":1477,"href":"https:\/\/heliosstrategia.pl\/en\/wp-json\/wp\/v2\/pages\/1195\/revisions\/1477"}],"wp:attachment":[{"href":"https:\/\/heliosstrategia.pl\/en\/wp-json\/wp\/v2\/media?parent=1195"}],"curies":[{"name":"wp","href":"https:\/\/api.w.org\/{rel}","templated":true}]}}